{"id":3,"date":"2025-07-08T13:35:11","date_gmt":"2025-07-08T13:35:11","guid":{"rendered":"https:\/\/gertrudolf.com\/?page_id=3"},"modified":"2026-03-17T10:42:03","modified_gmt":"2026-03-17T10:42:03","slug":"terms-and-conditions","status":"publish","type":"page","link":"https:\/\/gertrudolf.com\/de\/terms-and-conditions\/","title":{"rendered":"Allgemeine Gesch\u00e4ftsbedingungen"},"content":{"rendered":"<div data-elementor-type=\"wp-page\" data-elementor-id=\"3\" class=\"elementor elementor-3\" data-elementor-post-type=\"page\">\n\t\t\t\t<div class=\"elementor-element elementor-element-637d45c e-flex e-con-boxed e-con e-parent\" data-id=\"637d45c\" data-element_type=\"container\" data-settings=\"{&quot;background_background&quot;:&quot;classic&quot;}\">\n\t\t\t\t\t<div class=\"e-con-inner\">\n\t\t\t\t<div class=\"elementor-element elementor-element-2cd1218 elementor-widget elementor-widget-image\" data-id=\"2cd1218\" data-element_type=\"widget\" data-widget_type=\"image.default\">\n\t\t\t\t\t\t\t\t\t\t\t\t\t\t\t<img decoding=\"async\" width=\"97\" height=\"97\" src=\"https:\/\/gertrudolf.com\/wp-content\/uploads\/2025\/07\/Icone-2.svg\" class=\"attachment-large size-large wp-image-57\" alt=\"\" \/>\t\t\t\t\t\t\t\t\t\t\t\t\t\t\t<\/div>\n\t\t\t\t<div class=\"elementor-element elementor-element-c9b4424 elementor-widget elementor-widget-ucaddon_breadcrumbs_widget\" data-id=\"c9b4424\" data-element_type=\"widget\" data-widget_type=\"ucaddon_breadcrumbs_widget.default\">\n\t\t\t\t<div class=\"elementor-widget-container\">\n\t\t\t\t\t\n<!-- start Breadcrumbs -->\n\t\t<link id='font-awesome-css' href='https:\/\/gertrudolf.com\/wp-content\/plugins\/unlimited-elements-for-elementor-premium\/assets_libraries\/font-awesome6\/fontawesome-all.min.css' type='text\/css' rel='stylesheet' >\n\t\t<link id='font-awesome-4-shim-css' href='https:\/\/gertrudolf.com\/wp-content\/plugins\/unlimited-elements-for-elementor-premium\/assets_libraries\/font-awesome6\/fontawesome-v4-shims.min.css' type='text\/css' rel='stylesheet' >\n\n<style>\/* widget: Breadcrumbs *\/\n\n#uc_breadcrumbs_widget_elementor_c9b4424 .uc-breadcrumbs-list {\n  margin: 0;\n  padding: 0;\n  display: flex;\n  flex-wrap: wrap;\n}\n#uc_breadcrumbs_widget_elementor_c9b4424 .uc-breadcrumbs-list li {\n  display: flex;\n  align-items: center;\n  list-style-type: none;\n}\n#uc_breadcrumbs_widget_elementor_c9b4424 .uc-item-title {\n    position: relative;\n    display: inline-flex;\n    justify-content: center;\n    align-items: center;\n}\n#uc_breadcrumbs_widget_elementor_c9b4424 .uc-item-title-inner{\n  display: flex;\n  align-items: center;\n}\n\n  #uc_breadcrumbs_widget_elementor_c9b4424 .uc-breadcrumb-separator {\n    display:flex;\n    align-items: center;\n    justify-content: center\n  }\n  #uc_breadcrumbs_widget_elementor_c9b4424 .uc-breadcrumb-separator svg {\n    width:1em;\n    height:1em;\n  }\n\n\n\n\n\n\n<\/style>\n\n\n    \t\n            <div id=\"uc_breadcrumbs_widget_elementor_c9b4424\" class=\"uc-breadcrumbs\">\n            <ul class=\"uc-breadcrumbs-list default\">\n                                                            <li class=\"uc-breadcrumb-item\">\n                            <a href=\"https:\/\/gertrudolf.com\/de\/\" class=\"uc-item-title\">\n                              <span class=\"uc-item-title-inner\">\n                                                                                                Startseite\n                              <\/span>\n                            <\/a>\n                                                    <\/li>              \t\t    \n                                                <\/ul>\n        <\/div>\n\n            \n<!-- end Breadcrumbs -->\t\t\t\t<\/div>\n\t\t\t\t<\/div>\n\t\t\t\t\t<\/div>\n\t\t\t\t<\/div>\n\t\t<div class=\"elementor-element elementor-element-31a0f1e8 e-flex e-con-boxed e-con e-parent\" data-id=\"31a0f1e8\" data-element_type=\"container\">\n\t\t\t\t\t<div class=\"e-con-inner\">\n\t\t\t\t<div class=\"elementor-element elementor-element-3d24f175 elementor-widget elementor-widget-text-editor\" data-id=\"3d24f175\" data-element_type=\"widget\" data-widget_type=\"text-editor.default\">\n\t\t\t\t\t\t\t\t\t<p><strong>Gert Rudolf Photographie<\/strong><\/p>\n<p><!-- \/wp:paragraph --><!-- wp:paragraph --><\/p>\n<p>More than Photography. Mehrwert f\u00fcr Ihr Business.<\/p>\n<p>\u00a0<\/p>\n<p><!-- \/wp:paragraph --><!-- wp:paragraph --><\/p>\n<p>\u00a0<\/p>\n<p>Version 01.2025<\/p>\n<p>\u00a0<\/p>\n<p><!-- \/wp:paragraph --><!-- wp:paragraph --><\/p>\n<p>\u00a0<\/p>\n<p>Studio Gert Rudolf<\/p>\n<p><!-- \/wp:paragraph --><!-- wp:paragraph --><\/p>\n<p>Industriestra\u00dfe 26<br \/>A-9400 Wolfsberg<br \/>\u00d6sterreich<\/p>\n<p>\u00a0<\/p>\n<p><!-- \/wp:paragraph --><!-- wp:paragraph --><\/p>\n<p>\u00a0<\/p>\n<p>UID: ATU9454902<br \/>Telefon: +43 664 23 393 23<\/p>\n<p><!-- \/wp:paragraph --><!-- wp:heading --><\/p>\n<h2>\u00a0<\/h2>\n<h2 class=\"wp-block-heading\">1. Geltungsbereich<\/h2>\n<p><!-- \/wp:heading --><!-- wp:paragraph --><\/p>\n<p>1.1 Die nachstehenden Allgemeinen Gesch\u00e4ftsbedingungen gelten f\u00fcr s\u00e4mtliche Vertragsbeziehungen zwischen GERT RUDOLF (im\nFolgenden \u201eFotograf\u201c) und seinem Auftraggeber (im Folgenden \u201eKlient\u201c), einschlie\u00dflich k\u00fcnftiger Auftr\u00e4ge, sofern nicht ausdr\u00fccklich Abweichendes schriftlich vereinbart wird.<\/p>\n<p>\u00a0<\/p>\n<p><!-- \/wp:paragraph --><!-- wp:paragraph --><\/p>\n<p>1.2 Entgegenstehende oder abweichende Bedingungen des Auftraggebers werden nur dann Vertragsbestandteil, wenn deren Geltung vom Fotografen ausdr\u00fccklich und schriftlich anerkannt wurde.<\/p>\n<p>\u00a0<\/p>\n<p>\u00a0<\/p>\n<p><!-- \/wp:paragraph --><!-- wp:heading --><\/p>\n<h2 class=\"wp-block-heading\">2. Vertragsabschluss<\/h2>\n<p><!-- \/wp:heading --><!-- wp:paragraph --><\/p>\n<p>2.1 Ein Vertrag kommt durch schriftliche oder elektronische Angebotsannahme oder durch tats\u00e4chliche Inanspruchnahme der Leistungen des Fotografen zustande.<\/p>\n<p>\u00a0<\/p>\n<p><!-- \/wp:paragraph --><!-- wp:paragraph --><\/p>\n<p>Angebote des Fotografen sind \u2013 sofern nicht ausdr\u00fccklich anders angegeben \u2013 14 Tage verbindlich.<\/p>\n<p>\u00a0<\/p>\n<p>\u00a0<\/p>\n<p><!-- \/wp:paragraph --><!-- wp:heading --><\/p>\n<h2 class=\"wp-block-heading\">3. Leistungsgegenstand und -umfang<\/h2>\n<p><!-- \/wp:heading --><!-- wp:paragraph --><\/p>\n<p>3.1 Art und Umfang der vertraglichen Leistungen ergeben sich aus dem jeweiligen Angebot bzw. der Auftragsbest\u00e4tigung.<\/p>\n<p>\u00a0<\/p>\n<p>\u00a0<\/p>\n<p><!-- \/wp:paragraph --><!-- wp:paragraph --><\/p>\n<p>3.2 \u00c4nderungen, Erweiterungen oder Zusatzleistungen bed\u00fcrfen der schriftlichen Zustimmung beider Parteien und werden gesondert verg\u00fctet.<\/p>\n<p>\u00a0<\/p>\n<p>\u00a0<\/p>\n<p><!-- \/wp:paragraph --><!-- wp:paragraph --><\/p>\n<p>3.3 Der Fotograf ist berechtigt, sich zur Vertragserf\u00fcllung sachkundiger Dritter zu bedienen, ohne dass daraus ein Vertragsverh\u00e4ltnis zwischen diesen Dritten und dem Auftraggeber entsteht.<\/p>\n<p>\u00a0<\/p>\n<p>\u00a0<\/p>\n<p><!-- \/wp:paragraph --><!-- wp:paragraph --><\/p>\n<p>3.4 Wenn nicht anders vereinbart, besteht der Projektworkflow fotografenseitig generell aus:<\/p>\n<p><!-- \/wp:paragraph --><!-- wp:list --><\/p>\n<ul class=\"wp-block-list\">\n<li style=\"list-style-type: none;\">\n<ul class=\"wp-block-list\"><!-- wp:list-item --><\/ul>\n<\/li>\n<\/ul>\n<ul class=\"wp-block-list\">\n<li style=\"list-style-type: none;\">\n<ul class=\"wp-block-list\">\n<li>Definitionsgespr\u00e4ch(en)<\/li>\n<\/ul>\n<\/li>\n<\/ul>\n<p><!-- \/wp:list-item --><!-- wp:list-item --><\/p>\n<ul class=\"wp-block-list\">\n<li style=\"list-style-type: none;\">\n<ul class=\"wp-block-list\">\n<li>Vorbereitungen<\/li>\n<\/ul>\n<\/li>\n<\/ul>\n<p><!-- \/wp:list-item --><!-- wp:list-item --><\/p>\n<ul class=\"wp-block-list\">\n<li style=\"list-style-type: none;\">\n<ul class=\"wp-block-list\">\n<li>Aufnahmen<\/li>\n<\/ul>\n<\/li>\n<\/ul>\n<p><!-- \/wp:list-item --><!-- wp:list-item --><\/p>\n<ul class=\"wp-block-list\">\n<li style=\"list-style-type: none;\">\n<ul class=\"wp-block-list\">\n<li>Bildauswahlprozess mit dem Klienten<\/li>\n<\/ul>\n<\/li>\n<\/ul>\n<p><!-- \/wp:list-item --><!-- wp:list-item --><\/p>\n<ul class=\"wp-block-list\">\n<li style=\"list-style-type: none;\">\n<ul class=\"wp-block-list\">\n<li>Post-Production<\/li>\n<li>Auslieferung bzw. \u00dcbermittlung<\/li>\n<\/ul>\n<\/li>\n<\/ul>\n<div>\u00a0<\/div>\n<p><!-- \/wp:list-item --><\/p>\n<p><!-- \/wp:list --><!-- wp:paragraph --><\/p>\n<p>Eine zur professionellen Post-Production geh\u00f6rende Grundretusche beinhaltet das S\u00e4ubern sowie die tonwertm\u00e4\u00dfige und farbliche Aufbereitung des Bildes. Dar\u00fcber hinausgehende Retuschew\u00fcnsche werden gesondert verrechnet.<\/p>\n<p><!-- \/wp:paragraph --><!-- wp:heading --><\/p>\n<h2 class=\"wp-block-heading\">\u00a0<\/h2>\n<h2 class=\"wp-block-heading\">4. Mitwirkungspflichten des Auftraggebers<\/h2>\n<p><!-- \/wp:heading --><!-- wp:paragraph --><\/p>\n<p>4.1 Der Auftraggeber hat s\u00e4mtliche f\u00fcr die Durchf\u00fchrung der fotografischen Arbeiten erforderlichen Zugangs-, Sicherheits- und Produktionsfreigaben rechtzeitig und vollst\u00e4ndig bereitzustellen.<\/p>\n<p>\u00a0<\/p>\n<p>\u00a0<\/p>\n<p><!-- \/wp:paragraph --><!-- wp:paragraph --><\/p>\n<p>4.2 Produktionsanlagen, Maschinen, R\u00e4ume und Objekte sind in fotografierf\u00e4higem Zustand zu \u00fcbergeben.<\/p>\n<p>\u00a0<\/p>\n<p>\u00a0<\/p>\n<p><!-- \/wp:paragraph --><!-- wp:paragraph --><\/p>\n<p>4.3 Wartezeiten, die durch mangelnde Mitwirkung des Auftraggebers entstehen, werden gesondert mitin Rechnung gestellt.<\/p>\n<p>\u00a0<\/p>\n<p>\u00a0<\/p>\n<p><!-- \/wp:paragraph --><!-- wp:paragraph --><\/p>\n<p>4.4 F\u00fcr Fahrzeugaufnahmen vor Ort beim Klienten gilt f\u00fcr die Dauer der Fotoaufnahmen die kundenseitige Bereitstellung eines Mitarbeiters als Assistenz (auf Abruf) als vereinbart.<\/p>\n<p>\u00a0<\/p>\n<p>\u00a0<\/p>\n<p><!-- \/wp:paragraph --><!-- wp:paragraph --><\/p>\n<p>4.5 F\u00fcr die Dauer des Auf- bzw. Abbaus des Mobilstudios stellt der Klient abgesehen von dem in Pkt. 4 erw\u00e4hnten Mitarbeiter noch zwei weitere Mitarbeiter bereit.<\/p>\n<p>\u00a0<\/p>\n<p>\u00a0<\/p>\n<p><!-- \/wp:paragraph --><!-- wp:heading --><\/p>\n<h2 class=\"wp-block-heading\">5. Produktionsbedingungen und Sicherheit<\/h2>\n<p><!-- \/wp:heading --><!-- wp:paragraph --><\/p>\n<p>5.1 Der Auftraggeber gew\u00e4hrleistet die Einhaltung aller arbeitsrechtlichen, sicherheitstechnischen und betrieblichen Vorschriften am Aufnahmeort.<\/p>\n<p>\u00a0<\/p>\n<p>\u00a0<\/p>\n<p><!-- \/wp:paragraph --><!-- wp:paragraph --><\/p>\n<p>5.2 Der Fotograf ist berechtigt, die Arbeiten aus Sicherheitsgr\u00fcnden oder bei Gefahr f\u00fcr Personen, Anlagen oder Ger\u00e4te jederzeit zu unterbrechen oder abzubrechen.<\/p>\n<p>\u00a0<\/p>\n<p>\u00a0<\/p>\n<p><!-- \/wp:paragraph --><!-- wp:paragraph --><\/p>\n<p>5.3 Witterungsbedingte oder organisatorische Verschiebungen bleiben vorbehalten.<\/p>\n<p>\u00a0<\/p>\n<p>\u00a0<\/p>\n<p><!-- \/wp:paragraph --><!-- wp:paragraph --><\/p>\n<p>5.4 Die Einzelteile des verwendeten Mobilstudios sind T\u00dcV zertifiziert, das Bauwerk selbst durch einen Statiker abgenommen.<\/p>\n<p>\u00a0<\/p>\n<p>\u00a0<\/p>\n<p><!-- \/wp:paragraph --><!-- wp:paragraph --><\/p>\n<p>5.5 Die Mobilstudio-Konstruktion ist f\u00fcr windstille Bedingungen in Innenr\u00e4umen zertifiziert. Der Klient verpflichtet sich, diese zu gew\u00e4hrleisten. Bei pl\u00f6tzlich auftretenden ge\u00e4nderten Bedingungen wie zB Windst\u00f6\u00dfen durch Luftzug \u00fcbernimmt der Fotograf keinerlei Haftung f\u00fcr entstehende Sch\u00e4den. Etwaige dadurch entstehende Sch\u00e4den an der Studio-Konstruktion sind vom Klienten zu ersetzen.<\/p>\n<p>\u00a0<\/p>\n<p>\u00a0<\/p>\n<p><!-- \/wp:paragraph --><!-- wp:heading --><\/p>\n<h2 class=\"wp-block-heading\">6. Verg\u00fctung und Zahlungsmodalit\u00e4ten<\/h2>\n<p><!-- \/wp:heading --><!-- wp:paragraph --><\/p>\n<p>6.1 Alle genannten Geldwerte verstehen sich \u2013 sofern nicht anders angegeben \u2013 in Euro und zuz\u00fcglich gesetzlicher Umsatzsteuer.<\/p>\n<p>\u00a0<\/p>\n<p>\u00a0<\/p>\n<p><!-- \/wp:paragraph --><!-- wp:paragraph --><\/p>\n<p>6.2 Reise-, Fahrt-, Material- und Fremdleistungskosten werden gesondert verrechnet.<\/p>\n<p>\u00a0<\/p>\n<p>\u00a0<\/p>\n<p><!-- \/wp:paragraph --><!-- wp:paragraph --><\/p>\n<p>6.3 Rechnungen sind binnen 14 Tagen ab Rechnungsdatum ohne Abz\u00fcge zahlbar.<\/p>\n<p>\u00a0<\/p>\n<p>\u00a0<\/p>\n<p><!-- \/wp:paragraph --><!-- wp:paragraph --><\/p>\n<p>6.4 Im Falle des Zahlungsverzugs gelten die Verzugszinsen gem\u00e4\u00df \u00a7 456 UGB.<\/p>\n<p>\u00a0<\/p>\n<p>\u00a0<\/p>\n<p><!-- \/wp:paragraph --><!-- wp:heading --><\/p>\n<h2 class=\"wp-block-heading\">7. Nutzungsrechte<\/h2>\n<p><!-- \/wp:heading --><!-- wp:paragraph --><\/p>\n<p>7.1 Der Fotograf r\u00e4umt dem Klienten \u2013 sofern nicht ausdr\u00fccklich anders vereinbart \u2013 ein einfaches, nicht ausschlie\u00dfliches Nutzungsrecht f\u00fcr den im Vertrag genannten Zweck ein. Der Fotograf verpflichtet sich, etwaige dar\u00fcber hinaus gehende Verk\u00e4ufe des Bildmaterials ausschlie\u00dflich im Konsens mit dem Klienten durchzuf\u00fchren.<\/p>\n<p>\u00a0<\/p>\n<p>\u00a0<\/p>\n<p><!-- \/wp:paragraph --><!-- wp:paragraph --><\/p>\n<p>7.2 Sofern nicht anders vereinbart, gehen mit Rechnungsausgleich alle vereinbarten Nutzungsrechte, auch der kommerzielle oder\ninternationale Einsatz, zeitlich und \u00f6rtlich unbegrenzt an den Klienten \u00fcber. Dies beinh\u00e4lt die Weitergabe an Dritte innerhalb der klientenseitigen Vertriebsstruktur an ihm unterstehende Organisationsebenen (zB H\u00e4ndler).<\/p>\n<p>\u00a0<\/p>\n<p>Die Weitergabe an dem Klienten \u00fcbergeordnete Organisationsebenen (zB Hersteller, Mutterwerk, Konzern) oder auch an dem Klienten gleichgestellte Ebenen (zB Importeure anderer L\u00e4nder) bedarf einer gesonderten schriftlichen Vereinbarung, die in den meisten F\u00e4llen entgeltlich m\u00f6glich ist. Der Fotograf wird solche Bilder niemals ohne Zustimmung des Klienten weiterver\u00e4u\u00dfern.<\/p>\n<p>\u00a0<\/p>\n<p>\u00a0<\/p>\n<p><!-- \/wp:paragraph --><!-- wp:paragraph --><\/p>\n<p>7.3 Rohdaten (RAW-Dateien) verbleiben im Eigentum des Fotografen und werden in Sonderf\u00e4llen ausschlie\u00dflich gegen gesonderte Verg\u00fctung \u00fcberlassen.<\/p>\n<p>\u00a0<\/p>\n<p>\u00a0<\/p>\n<p><!-- \/wp:paragraph --><!-- wp:paragraph --><\/p>\n<p>7.4 Ver\u00e4nderungen, Bearbeitungen oder Manipulationen der Bildwerke sind nur mit schriftlicher Zustimmung des Fotografen zul\u00e4ssig.<\/p>\n<p>\u00a0<\/p>\n<p>\u00a0<\/p>\n<p><!-- \/wp:paragraph --><!-- wp:paragraph --><\/p>\n<p>7.5 Ein Nutzungsrecht zu Pr\u00e4sentationszwecken in eigenem Namen oder im Namen von projektbeteiligten Partnerfirmen beh\u00e4lt sich der Fotograf vor. Der Fotograf verpflichet sich jedoch, keinerlei Bildmaterial zu ver\u00f6ffentlichen, bevor der Klient Bilder des Fotoprojektes selbst ver\u00f6ffentlicht. Ver\u00f6ffentlicht der Klient das Bildmaterial nicht innerhalb von sechs Monaten ab \u00dcbermittlung der Bilddaten, so steht es dem Fotografen frei, Bilder zu oa Pr\u00e4sentationszwecken zu ver\u00f6ffentlichen.<\/p>\n<p>\u00a0<\/p>\n<p>\u00a0<\/p>\n<p><!-- \/wp:paragraph --><!-- wp:paragraph --><\/p>\n<p>7.6 Dem Fotograf wird zugestanden, bei Bedarf Making-Of-Bilder und -Videos zu oa Pr\u00e4sentationszwecken erstellen zu d\u00fcrfen. Der\nKlient erkl\u00e4rt sich einverstanden, dass Teile seiner Betriebsanlagen im Hintergrund des Making-Of-Materials zu sehen sein k\u00f6nnen.<\/p>\n<p>\u00a0<\/p>\n<p>\u00a0<\/p>\n<p><!-- \/wp:paragraph --><!-- wp:heading --><\/p>\n<h2 class=\"wp-block-heading\">8. Urheberrecht und Namensnennung<\/h2>\n<p><!-- \/wp:heading --><!-- wp:paragraph --><\/p>\n<p>8.1 Der Fotograf bleibt Urheber im Sinne des Urheberrechtsgesetzes (UrhG).<\/p>\n<p>\u00a0<\/p>\n<p>\u00a0<\/p>\n<p><!-- \/wp:paragraph --><!-- wp:paragraph --><\/p>\n<p>8.2  Bei redaktioneller Nutzung ist eine Urheberbezeichnung (\u201eFoto: gertrudolf.com\u201c) verpflichtend anzuf\u00fchren.<\/p>\n<p>\u00a0<\/p>\n<p>\u00a0<\/p>\n<p><!-- \/wp:paragraph --><!-- wp:paragraph --><\/p>\n<p>8.3 Bei werblicher Nutzung ist eine Urheberbezeichnung nur dann zwingend, wenn im Impressum auch weitere Werkbeteiligte genannt werden (zB bei Websites, Druckwerken, etc.).<\/p>\n<p>\u00a0<\/p>\n<p>\u00a0<\/p>\n<p><!-- \/wp:paragraph --><!-- wp:heading --><\/p>\n<h2 class=\"wp-block-heading\">9. Eigentumsvorbehalt<\/h2>\n<p><!-- \/wp:heading --><!-- wp:paragraph --><\/p>\n<p>9.1 S\u00e4mtliche gelieferten Bilddaten und Nutzungsrechte bleiben bis zur vollst\u00e4ndigen Bezahlung alleiniges Eigentum des Fotografen.<\/p>\n<p>\u00a0<\/p>\n<p>\u00a0<\/p>\n<p><!-- \/wp:paragraph --><!-- wp:paragraph --><\/p>\n<p>9.2 Bei Zahlungsverzug oder vertragswidriger Nutzung k\u00f6nnen die einger\u00e4umten Nutzungsrechte mit sofortiger Wirkung widerrufen werden.<\/p>\n<p>\u00a0<\/p>\n<p>\u00a0<\/p>\n<p><!-- \/wp:paragraph --><!-- wp:heading --><\/p>\n<h2 class=\"wp-block-heading\">10. Haftung<\/h2>\n<p><!-- \/wp:heading --><!-- wp:paragraph --><\/p>\n<p>10.1 Der Fotograf haftet f\u00fcr Sch\u00e4den nur bei Vorsatz oder grober Fahrl\u00e4ssigkeit.<\/p>\n<p>\u00a0<\/p>\n<p>\u00a0<\/p>\n<p><!-- \/wp:paragraph --><!-- wp:paragraph --><\/p>\n<p>10.2 Eine Haftung f\u00fcr mittelbare Sch\u00e4den, entgangenen Gewinn, Produktionsausf\u00e4lle oder Folgesch\u00e4den ist ausgeschlossen.<\/p>\n<p>\u00a0<\/p>\n<p>\u00a0<\/p>\n<p><!-- \/wp:paragraph --><!-- wp:paragraph --><\/p>\n<p>10.3 Bei technischer St\u00f6rung, h\u00f6herer Gewalt oder Krankheit besteht kein Anspruch auf Ersatz entstandener Kosten; der Fotograf ist jedoch verpflichtet, einen Ersatztermin anzubieten.<\/p>\n<p>\u00a0<\/p>\n<p>\u00a0<\/p>\n<p><!-- \/wp:paragraph --><!-- wp:heading --><\/p>\n<h2 class=\"wp-block-heading\">11. M\u00e4ngelr\u00fcge und Gew\u00e4hrleistung<\/h2>\n<p><!-- \/wp:heading --><!-- wp:paragraph --><\/p>\n<p>11.1 Offensichtliche M\u00e4ngel sind innerhalb von sieben Tagen ab Lieferung schriftlich zu r\u00fcgen. Bei digitalem Bildmaterial k\u00f6nnen ausschlie\u00dflich solche M\u00e4ngel akzeptiert werden, die bei Betrachtung der Bilder unter normierten Bedingungen mit professionellem Equipment festgestellt wurden. Standard \u201eB\u00fcro-Monitore\u201c stellen hierzu keine Grundlage zur korrekten Bildbeurteilung dar.<\/p>\n<p>\u00a0<\/p>\n<p>\u00a0<\/p>\n<p><!-- \/wp:paragraph --><!-- wp:paragraph --><\/p>\n<p>11.2 Bei berechtigten M\u00e4ngeln steht dem Fotografen das Recht zur Nachbesserung zu.<\/p>\n<p>\u00a0<\/p>\n<p>\u00a0<\/p>\n<p><!-- \/wp:paragraph --><!-- wp:paragraph --><\/p>\n<p>11.3 Ein R\u00fccktritt vom Vertrag oder eine Preisminderung ist nur zul\u00e4ssig, sofern eine Nachbesserung unm\u00f6glich oder unzumutbar ist.<\/p>\n<p>\u00a0<\/p>\n<p>\u00a0<\/p>\n<p><!-- \/wp:paragraph --><!-- wp:heading --><\/p>\n<h2 class=\"wp-block-heading\">12. \u201eZufriedenheitsgarantie\u201c<\/h2>\n<p><!-- \/wp:heading --><!-- wp:paragraph --><\/p>\n<p>12.1 Wird dem Klienten eine \u201eZufriedenheitsgarantie\u201c gew\u00e4hrt, kann er den bestehenden Vertrag f\u00fcr Fotoaufnahmen vor Beendigung der Aufnahmet\u00e4tigkeit vorzeitig beenden, ohne, dass vereinbarte Honorare anfallen. Vereinbarte Projektspesen, die bis zum Zeitpunkt des Abbruchs durch den Klienten angefallen sind, tr\u00e4gt er jedoch jederzeit und zur G\u00e4nze.<\/p>\n<p>\u00a0<\/p>\n<p><!-- \/wp:paragraph --><!-- wp:paragraph --><\/p>\n<p>12.2 F\u00fcr die \u201eZufriedenheitsgarantie\u201c gilt ein \u201eFair Use\u201c-Prinzip. Wurde die Qualit\u00e4tslinie oder das Aussehen der Bilder durch Sichtkontrolle einmal vom Klienten akzeptiert bzw. bereits bei einem fr\u00fcheren Auftrag akzeptiert, kann die \u201eZufriedenheitsgarantie\u201c bei qualitativ gleichartigen Bildern sp\u00e4ter nicht mehr geltend gemacht werden.<\/p>\n<p>\u00a0<\/p>\n<p>\u00a0<\/p>\n<p><!-- \/wp:paragraph --><!-- wp:heading --><\/p>\n<h2 class=\"wp-block-heading\">13. Speicherung und Archivierung<\/h2>\n<p><!-- \/wp:heading --><!-- wp:paragraph --><\/p>\n<p>13.1 Der Fotograf archiviert die Bilddaten mindestens sechs Monate ab Lieferung. Der nochmalige Datenzugriff kann jedoch kostenpflichtig sein.<\/p>\n<p>\u00a0<\/p>\n<p>\u00a0<\/p>\n<p><!-- \/wp:paragraph --><!-- wp:paragraph --><\/p>\n<p>13.2 Eine dar\u00fcber hinausgehende Archivierung erfolgt ausschlie\u00dflich aufgrund schriftlicher Vereinbarung und gegen gesonderte Verg\u00fctung. Eine eventuelle weitere Herausgabe der Bilddateien erfolgt gegen Verg\u00fctung.<\/p>\n<p>\u00a0<\/p>\n<p>\u00a0<\/p>\n<p><!-- \/wp:paragraph --><!-- wp:heading --><\/p>\n<h2 class=\"wp-block-heading\">14. Datenschutz<\/h2>\n<p><!-- \/wp:heading --><!-- wp:paragraph --><\/p>\n<p>14.1 Der Fotograf verarbeitet personenbezogene Daten gem\u00e4\u00df den Bestimmungen der DSGVO.<\/p>\n<p>\u00a0<\/p>\n<p>\u00a0<\/p>\n<p><!-- \/wp:paragraph --><!-- wp:paragraph --><\/p>\n<p>14.2 Der Auftraggeber ist verpflichtet, s\u00e4mtliche datenschutzrechtlich erforderlichen Einwilligungen fotografierter Personen einzuholen.<\/p>\n<p>\u00a0<\/p>\n<p>\u00a0<\/p>\n<p><!-- \/wp:paragraph --><!-- wp:paragraph --><\/p>\n<p>14.3 Beide Vertragsparteien verpflichten sich zu gegenseitiger projektm\u00e4\u00dfiger Vertraulichkeit. Dem Klienten ist es nicht gestattet, Fotos der Mobilstudio-Anlage herzustellen, da es sich um geistiges Eigentum bzw. Know-How des Fotografen handelt.<\/p>\n<p>\u00a0<\/p>\n<p>\u00a0<\/p>\n<p><!-- \/wp:paragraph --><!-- wp:heading --><\/p>\n<h2 class=\"wp-block-heading\">15. Stornierung und Terminverschiebung<\/h2>\n<p><!-- \/wp:heading --><!-- wp:paragraph --><\/p>\n<p>15.1 Stornierungen bed\u00fcrfen der Schriftform.<\/p>\n<p>\u00a0<\/p>\n<p>\u00a0<\/p>\n<p><!-- \/wp:paragraph --><!-- wp:paragraph --><\/p>\n<p>15.2 Im Falle der Stornierung gelten folgende pauschale Stornos\u00e4tze:<\/p>\n<p>\u00a0<\/p>\n<p><!-- \/wp:paragraph --><!-- wp:list --><\/p>\n<ul class=\"wp-block-list\">\n<li style=\"list-style-type: none;\">\n<ul class=\"wp-block-list\"><!-- wp:list-item --><\/ul>\n<\/li>\n<\/ul>\n<ul class=\"wp-block-list\">\n<li style=\"list-style-type: none;\">\n<ul class=\"wp-block-list\">\n<li>bis 14 Tage vor dem vereinbarten Termin: 20 % des Auftragswertes<\/li>\n<\/ul>\n<\/li>\n<\/ul>\n<p><!-- \/wp:list-item --><!-- wp:list-item --><\/p>\n<ul class=\"wp-block-list\">\n<li style=\"list-style-type: none;\">\n<ul class=\"wp-block-list\">\n<li>bis 3 Tage vor dem Termin: 50 %<\/li>\n<li>innerhalb von 72 Stunden vor dem Termin: 100 % des Auftragswertes zuz\u00fcglich bereits entstandener Kosten<\/li>\n<\/ul>\n<\/li>\n<\/ul>\n<div>\u00a0<\/div>\n<p><!-- \/wp:list-item --><\/p>\n<p><!-- \/wp:list --><!-- wp:paragraph --><\/p>\n<p>15.3 Terminverschiebungen werden wie Stornierungen behandelt, sofern nicht unverz\u00fcglich ein Ersatztermin vereinbart werden kann.<\/p>\n<p>\u00a0<\/p>\n<p>\u00a0<\/p>\n<p><!-- \/wp:paragraph --><!-- wp:heading --><\/p>\n<h2 class=\"wp-block-heading\">16. Schlussbestimmungen<\/h2>\n<p><!-- \/wp:heading --><!-- wp:paragraph --><\/p>\n<p>16.1  Es gilt ausschlie\u00dflich \u00f6sterreichisches Recht.<\/p>\n<p>\u00a0<\/p>\n<p>\u00a0<\/p>\n<p><!-- \/wp:paragraph --><!-- wp:paragraph --><\/p>\n<p>16.2 Gerichtsstand ist der Sitz des Fotografen.<\/p>\n<p>\u00a0<\/p>\n<p>\u00a0<\/p>\n<p><!-- \/wp:paragraph --><!-- wp:paragraph --><\/p>\n<p>16.3 \u00c4nderungen und Erg\u00e4nzungen dieser AGB bed\u00fcrfen der Schriftform.<\/p>\n<p>\u00a0<\/p>\n<p>\u00a0<\/p>\n<p><!-- \/wp:paragraph --><!-- wp:paragraph --><\/p>\n<p>16.4 Sollten einzelne Bestimmungen unwirksam sein, bleibt die G\u00fcltigkeit der \u00fcbrigen Bestimmungen unber\u00fchrt.<\/p>\n<p>\u00a0<\/p>\n<p>\u00a0<\/p>\n<p><!-- \/wp:paragraph --><!-- wp:paragraph --><\/p>\n<p><!-- \/wp:paragraph --><!-- wp:paragraph --><\/p>\n<p>Wolfsberg, 07.01.2025<\/p>\n<p><!-- \/wp:paragraph --><\/p>\t\t\t\t\t\t\t\t<\/div>\n\t\t\t\t\t<\/div>\n\t\t\t\t<\/div>\n\t\t\t\t<\/div>","protected":false},"excerpt":{"rendered":"<p>Home Page Title Gert Rudolf Photographie More than Photography. A Business Asset. \u00a0 \u00a0 Version 01.2025 \u00a0 \u00a0 Studio Gert Rudolf Industriestra\u00dfe 26A-9400 WolfsbergAustria \u00a0 \u00a0 UID: ATU9454902Phone: +43 664 23 393 23 \u00a0 1. Scope of Application 1.1 These General Terms and Conditions apply to all contractual relationships between GERT RUDOLF (hereinafter \u201cPhotographer\u201d) and [&hellip;]<\/p>","protected":false},"author":1,"featured_media":0,"parent":0,"menu_order":0,"comment_status":"closed","ping_status":"open","template":"","meta":{"footnotes":""},"class_list":["post-3","page","type-page","status-publish","hentry"],"_links":{"self":[{"href":"https:\/\/gertrudolf.com\/de\/wp-json\/wp\/v2\/pages\/3","targetHints":{"allow":["GET"]}}],"collection":[{"href":"https:\/\/gertrudolf.com\/de\/wp-json\/wp\/v2\/pages"}],"about":[{"href":"https:\/\/gertrudolf.com\/de\/wp-json\/wp\/v2\/types\/page"}],"author":[{"embeddable":true,"href":"https:\/\/gertrudolf.com\/de\/wp-json\/wp\/v2\/users\/1"}],"replies":[{"embeddable":true,"href":"https:\/\/gertrudolf.com\/de\/wp-json\/wp\/v2\/comments?post=3"}],"version-history":[{"count":0,"href":"https:\/\/gertrudolf.com\/de\/wp-json\/wp\/v2\/pages\/3\/revisions"}],"wp:attachment":[{"href":"https:\/\/gertrudolf.com\/de\/wp-json\/wp\/v2\/media?parent=3"}],"curies":[{"name":"wp","href":"https:\/\/api.w.org\/{rel}","templated":true}]}}